{"id":3,"date":"2019-10-19T10:57:09","date_gmt":"2019-10-19T10:57:09","guid":{"rendered":"http:\/\/itg.tcsolg.com\/?page_id=3"},"modified":"2026-02-11T14:20:05","modified_gmt":"2026-02-11T14:20:05","slug":"terms-and-conditions","status":"publish","type":"page","link":"https:\/\/www.itgroupmobile.com\/es\/terms-and-conditions\/","title":{"rendered":"T\u00e9rminos y condiciones"},"content":{"rendered":"<div class=\"wpb-content-wrapper\"><section class=\"vc_row wpb_row vc_row-fluid\"><div class=\"wpb_column vc_column_container  col-xs-mobile-fullwidth\"><div class=\"vc_column-inner\"><div class=\"wpb_wrapper\"><div class=\"last-paragraph-no-margin\"><p><span class=\"has-inline-color\" style=\"color: #000000;\"><strong>T\u00e9rminos y condiciones<\/strong><\/span><\/p>\n<p>Bienvenido a itgroupmobile.com<\/p>\n<p>Estos t\u00e9rminos y condiciones describen las normas y reglamentos para el uso del sitio web de ITGROUP, ubicado en https:\/\/www.itgroupmobile.com\/.<\/p>\n<p>Al acceder a este sitio web asumimos que usted acepta estos t\u00e9rminos y condiciones. No contin\u00fae utilizando itgroupmobile si no est\u00e1 de acuerdo con todos los t\u00e9rminos y condiciones establecidos en esta p\u00e1gina.<\/p>\n<p>La siguiente terminolog\u00eda se aplica a estos T\u00e9rminos y Condiciones, a la Declaraci\u00f3n de Privacidad y al Aviso de Renuncia y a todos los Acuerdos: \"Cliente\", \"Usted\" y \"Su\" se refiere a usted, la persona que se registra en este sitio web y que cumple con los t\u00e9rminos y condiciones de la Compa\u00f1\u00eda. \"La Compa\u00f1\u00eda\", \"Nosotros\", \"Nuestro\" y \"Nosotros\", se refiere a nuestra Compa\u00f1\u00eda. \"Parte\", \"Partes\", o \"Nosotros\", se refiere tanto al Cliente como a nosotros mismos. Todos los t\u00e9rminos se refieren a la oferta, la aceptaci\u00f3n y la consideraci\u00f3n del pago necesario para llevar a cabo el proceso de nuestra asistencia al Cliente de la manera m\u00e1s apropiada para el prop\u00f3sito expreso de satisfacer las necesidades del Cliente con respecto a la prestaci\u00f3n de los servicios declarados de la Compa\u00f1\u00eda, de acuerdo y con sujeci\u00f3n a la ley vigente de los Pa\u00edses Bajos. Cualquier uso de la terminolog\u00eda anterior u otras palabras en singular, plural, may\u00fasculas y\/o \u00e9l\/ella o ellos, se consideran intercambiables y por lo tanto se refieren a la misma.<\/p>\n<p><span class=\"has-inline-color\" style=\"color: #000000;\"><strong>Cookies<\/strong><\/span><\/p>\n<p>Empleamos el uso de cookies. Al acceder a itgroupmobile, usted acept\u00f3 utilizar cookies de acuerdo con la Pol\u00edtica de privacidad del ITGROUP.<\/p>\n<p>La mayor\u00eda de los sitios web interactivos utilizan cookies para permitirnos recuperar los detalles del usuario en cada visita. Las cookies son utilizadas por nuestro sitio web para permitir la funcionalidad de ciertas \u00e1reas para facilitar a las personas que visitan nuestro sitio web. Algunos de nuestros socios afiliados\/publicitarios tambi\u00e9n pueden utilizar cookies.<\/p>\n<p><span class=\"has-inline-color\" style=\"color: #000000;\"><strong>Licencia<\/strong><\/span><\/p>\n<p>A menos que se indique lo contrario, ITGROUP y\/o sus titulares de licencias poseen los derechos de propiedad intelectual de todo el material de itgroupmobile. Todos los derechos de propiedad intelectual est\u00e1n reservados. Usted puede acceder a esto desde itgroupmobile para su uso personal sujeto a las restricciones establecidas en estos t\u00e9rminos y condiciones.<\/p>\n<p>No debes:<\/p>\n<p>&nbsp;<\/p>\n<ul class=\"wp-block-list\">\n<li>Reproducir material de itgroupmobile<\/li>\n<li>Vender, alquilar o sublicenciar material de itgroupmobile<\/li>\n<li>Reproducir, duplicar o copiar material de itgroupmobile<\/li>\n<li>Redistribuir el contenido de itgroupmobile<\/li>\n<\/ul>\n<p>El presente acuerdo comenzar\u00e1 en la fecha del mismo.<\/p>\n<p>Algunas partes de este sitio web ofrecen la oportunidad de que los usuarios publiquen e intercambien opiniones e informaci\u00f3n en ciertas \u00e1reas del sitio web. ITGROUP no filtra, edita, publica o revisa los comentarios antes de su presencia en el sitio web. Los comentarios no reflejan los puntos de vista y las opiniones de ITGROUP, sus agentes y\/o afiliados. Los comentarios reflejan los puntos de vista y las opiniones de la persona que publica sus puntos de vista y opiniones. En la medida en que lo permitan las leyes aplicables, ITGROUP no se har\u00e1 responsable de los Comentarios ni de ninguna responsabilidad, da\u00f1o o gasto causado y\/o sufrido como resultado de cualquier uso y\/o publicaci\u00f3n y\/o aparici\u00f3n de los Comentarios en este sitio web.<\/p>\n<p>ITGROUP se reserva el derecho de supervisar todos los comentarios y de eliminar cualquier comentario que pueda considerarse inapropiado, ofensivo o que cause el incumplimiento de estos T\u00e9rminos y Condiciones.<\/p>\n<p>Usted garantiza y representa eso:<\/p>\n<p>&nbsp;<\/p>\n<ul class=\"wp-block-list\">\n<li>Tiene derecho a publicar los comentarios en nuestro sitio web y tiene todas las licencias y consentimientos necesarios para hacerlo;<\/li>\n<li>Los comentarios no invaden ning\u00fan derecho de propiedad intelectual, incluyendo, sin limitaci\u00f3n, los derechos de autor, patentes o marcas de terceros;<\/li>\n<li>Los comentarios no contienen ning\u00fan material difamatorio, calumnioso, ofensivo, indecente o ilegal que constituya una invasi\u00f3n de la privacidad.<\/li>\n<li>Los comentarios no se utilizar\u00e1n para solicitar o promover negocios o costumbres o presentar actividades comerciales o actividades ilegales.<\/li>\n<\/ul>\n<p>Por la presente, usted concede a ITGROUP una licencia no exclusiva para utilizar, reproducir, editar y autorizar a otros a utilizar, reproducir y editar cualquiera de sus Comentarios en todas y cada una de las formas, formatos o medios.<\/p>\n<p><span class=\"has-inline-color\" style=\"color: #000000;\"><strong>Enlaces a nuestro contenido<\/strong><\/span><\/p>\n<p>Las siguientes organizaciones pueden enlazar con nuestro sitio web sin previa aprobaci\u00f3n por escrito:<\/p>\n<p>&nbsp;<\/p>\n<ul class=\"wp-block-list\">\n<li>Agencias gubernamentales;<\/li>\n<li>Motores de b\u00fasqueda;<\/li>\n<li>Organizaciones de noticias;<\/li>\n<li>Los distribuidores de directorios en l\u00ednea pueden enlazar con nuestro sitio web de la misma manera que enlazan con los sitios web de otras empresas que figuran en la lista; y<\/li>\n<li>Empresas acreditadas en todo el sistema, excepto las que solicitan organizaciones sin fines de lucro, centros comerciales de beneficencia y grupos de recaudaci\u00f3n de fondos de beneficencia, que no pueden tener un hiperv\u00ednculo a nuestro sitio web.<\/li>\n<\/ul>\n<p>Estas organizaciones pueden enlazar con nuestra p\u00e1gina principal, con publicaciones o con otra informaci\u00f3n del sitio web siempre y cuando el enlace: (a) no sea de ninguna manera enga\u00f1oso; (b) no implique falsamente el patrocinio, el respaldo o la aprobaci\u00f3n de la parte que establece el enlace y sus productos y\/o servicios; y (c) se ajuste al contexto del sitio de la parte que establece el enlace.<\/p>\n<p>Podemos considerar y aprobar otras solicitudes de enlace de los siguientes tipos de organizaciones:<\/p>\n<p>&nbsp;<\/p>\n<ul class=\"wp-block-list\">\n<li>fuentes de informaci\u00f3n de consumo y\/o comerciales com\u00fanmente conocidas;<\/li>\n<li>sitios de la comunidad dot.com;<\/li>\n<li>asociaciones u otros grupos que representen a organizaciones ben\u00e9ficas;<\/li>\n<li>distribuidores de directorios en l\u00ednea;<\/li>\n<li>portales de Internet;<\/li>\n<li>empresas de contabilidad, derecho y consultor\u00eda; y<\/li>\n<li>instituciones educativas y asociaciones comerciales.<\/li>\n<\/ul>\n<p>Aprobaremos las solicitudes de enlace de estas organizaciones si as\u00ed lo decidimos: a) el enlace no nos har\u00eda ver desfavorablemente a nosotros mismos o a nuestras empresas acreditadas; b) la organizaci\u00f3n no tiene ning\u00fan registro negativo con nosotros; c) el beneficio para nosotros de la visibilidad del hiperv\u00ednculo compensa la ausencia de ITGROUP, y d) el enlace se encuentra en el contexto de la informaci\u00f3n general de recursos.<\/p>\n<p>Estas organizaciones pueden enlazar con nuestra p\u00e1gina web siempre y cuando el enlace: a) no sea enga\u00f1oso en modo alguno; b) no implique falsamente el patrocinio, el respaldo o la aprobaci\u00f3n de la parte que establece el enlace y sus productos o servicios; y c) se ajuste al contexto del sitio de la parte que establece el enlace.<\/p>\n<p>Si usted es una de las organizaciones enumeradas en el p\u00e1rrafo 2 supra y est\u00e1 interesado en establecer un enlace con nuestro sitio web, debe informarnos enviando un correo electr\u00f3nico a ITGROUP. Por favor, incluya su nombre, el nombre de su organizaci\u00f3n, informaci\u00f3n de contacto as\u00ed como el URL de su sitio, una lista de cualquier URL desde el que pretenda enlazar con nuestro sitio web y una lista de los URL de nuestro sitio con los que le gustar\u00eda enlazar. Espere de 2 a 3 semanas para recibir una respuesta.<\/p>\n<p>Las organizaciones aprobadas pueden crear un hiperv\u00ednculo a nuestro sitio web de la siguiente manera:<\/p>\n<p>&nbsp;<\/p>\n<ul class=\"wp-block-list\">\n<li>Por el uso de nuestro nombre corporativo; o<\/li>\n<li>Mediante el uso del localizador uniforme de recursos al que est\u00e1 vinculado; o<\/li>\n<li>El uso de cualquier otra descripci\u00f3n de nuestro sitio web que est\u00e9 enlazada tiene sentido dentro del contexto y el formato del contenido del sitio de la parte enlazada.<\/li>\n<\/ul>\n<p>No se permitir\u00e1 el uso del logo de ITGROUP o de otro tipo de material gr\u00e1fico para la vinculaci\u00f3n si no existe un acuerdo de licencia de marca.<\/p>\n<p><span class=\"has-inline-color\" style=\"color: #000000;\"><strong>iFrames<\/strong><\/span><\/p>\n<p>Sin la aprobaci\u00f3n previa y el permiso escrito, no puede crear marcos alrededor de nuestras p\u00e1ginas web que alteren de alguna manera la presentaci\u00f3n visual o la apariencia de nuestro sitio web.<\/p>\n<p><span class=\"has-inline-color\" style=\"color: #000000;\"><strong>Responsabilidad del contenido<\/strong><\/span><\/p>\n<p>No nos hacemos responsables de ning\u00fan contenido que aparezca en su sitio web. Usted acepta protegernos y defendernos contra todas las reclamaciones que se produzcan en su sitio web. No debe aparecer en ning\u00fan sitio web ning\u00fan enlace que pueda interpretarse como difamatorio, obsceno o criminal, o que infrinja, viole o promueva la infracci\u00f3n o cualquier otra violaci\u00f3n de los derechos de terceros.<\/p>\n<p><span class=\"has-inline-color\" style=\"color: #000000;\"><strong>Su privacidad<\/strong><\/span><\/p>\n<p>Por favor, lea la Pol\u00edtica de Privacidad<\/p>\n<p><span class=\"has-inline-color\" style=\"color: #000000;\"><strong>Reserva de derechos<\/strong><\/span><\/p>\n<p>Nos reservamos el derecho de pedirle que elimine todos los enlaces o cualquier enlace particular a nuestro sitio web. Usted aprueba la eliminaci\u00f3n inmediata de todos los enlaces a nuestro sitio web a petici\u00f3n. Tambi\u00e9n nos reservamos el derecho de modificar estos t\u00e9rminos y condiciones y su pol\u00edtica de enlaces en cualquier momento. Al enlazar continuamente a nuestro sitio web, aceptas estar obligado y seguir estos t\u00e9rminos y condiciones de enlace.<\/p>\n<p><span class=\"has-inline-color\" style=\"color: #000000;\"><strong>Eliminaci\u00f3n de los enlaces de nuestro sitio web<\/strong><\/span><\/p>\n<p>Si encuentra alg\u00fan enlace en nuestro sitio web que sea ofensivo por cualquier raz\u00f3n, es libre de contactarnos e informarnos en cualquier momento. Consideraremos las solicitudes para eliminar los enlaces, pero no estamos obligados a hacerlo ni a responderle directamente.<\/p>\n<p>No aseguramos que la informaci\u00f3n de este sitio web sea correcta, no garantizamos su integridad o exactitud; tampoco prometemos asegurar que el sitio web permanezca disponible o que el material del sitio web se mantenga actualizado.<\/p>\n<p><span class=\"has-inline-color\" style=\"color: #000000;\"><strong>Descargo de responsabilidad<\/strong><\/span><\/p>\n<p>En la medida m\u00e1xima permitida por la ley aplicable, excluimos todas las representaciones, garant\u00edas y condiciones relacionadas con nuestro sitio web y el uso de este sitio web. Nada en esta renuncia de responsabilidad lo har\u00e1:<\/p>\n<p>&nbsp;<\/p>\n<ul class=\"wp-block-list\">\n<li>limitan o excluyen nuestra o su responsabilidad por muerte o da\u00f1os personales;<\/li>\n<li>limitan o excluyen nuestra o su responsabilidad por fraude o tergiversaci\u00f3n fraudulenta;<\/li>\n<li>limitar cualquiera de nuestras responsabilidades o las suyas en cualquier forma que no est\u00e9 permitida por la ley aplicable; o<\/li>\n<li>excluyen cualquiera de nuestras responsabilidades o las suyas que no pueden ser excluidas bajo la ley aplicable.<\/li>\n<\/ul>\n<p>Las limitaciones y prohibiciones de responsabilidad establecidas en esta secci\u00f3n y en otras partes de la presente cl\u00e1usula de exenci\u00f3n de responsabilidad: a) est\u00e1n sujetas al p\u00e1rrafo precedente; y b) rigen todas las responsabilidades que se deriven de la cl\u00e1usula de exenci\u00f3n de responsabilidad, incluidas las responsabilidades contractuales, extracontractuales y por incumplimiento de obligaciones legales.<\/p>\n<p>Mientras el sitio web y la informaci\u00f3n y los servicios del mismo sean gratuitos, no seremos responsables de ninguna p\u00e9rdida o da\u00f1o de ninguna naturaleza.<\/p>\n<\/div><\/div><\/div><\/div><\/section><section data-vc-full-width=\"true\" data-vc-full-width-init=\"false\" class=\"vc_row wpb_row vc_row-fluid  vc_custom_1687533830814 wow fadeIn vc_row-has-fill pofo-stretch-content pofo-stretch-row-container\"><div class=\"wpb_column vc_column_container vc_col-sm-6 vc_col-md-3 vc_col-xs-12 wow none text-center md-text-center sm-text-center xs-text-center pofo-column-responsive-69e0a94a76bd0\"><div class=\"vc_column-inner\"><div class=\"wpb_wrapper\"><div class=\"featurebox21 pofo-featurebox featurebox21-1\" ><div class=\"display-inline-block margin-25px-bottom sm-margin-15px-bottom xs-margin-10px-bottom\"><i class=\"link-icon display-block icon-map icon-extra-medium\"><\/i><\/div><span class=\"text-extra-dark-gray display-inline-block width-100 text-small font-weight-600 alt-font margin-5px-bottom\">VISITE NUESTRAS OFICINAS<\/span><div class=\"xs-margin-10px-bottom center-col last-paragraph-no-margin\"><p><a href=\"https:\/\/goo.gl\/maps\/iDUxJhA8BeDNBvub8\" target=\"_blank\" rel=\"noopener\"><span style=\"color: #000000;\">Puerto Rico<\/span><\/a><span style=\"color: #000000;\"><br \/><\/span><span style=\"color: #000000;\">Orlando<\/span><\/p>\n<\/div><\/div><\/div><\/div><\/div><div class=\"wpb_column vc_column_container vc_col-sm-6 vc_col-md-3 vc_col-xs-12 wow none text-center md-text-center sm-text-center xs-text-center pofo-column-responsive-69e0a94a76d6f\"><div class=\"vc_column-inner\"><div class=\"wpb_wrapper\"><div class=\"featurebox21 pofo-featurebox featurebox21-2\" ><div class=\"display-inline-block margin-25px-bottom sm-margin-15px-bottom xs-margin-10px-bottom\"><i class=\"link-icon display-block icon-chat icon-extra-medium\"><\/i><\/div><span class=\"text-extra-dark-gray display-inline-block width-100 text-small font-weight-600 alt-font margin-5px-bottom\">N\u00daMEROS DE CONTACTO<\/span><div class=\"xs-margin-10px-bottom center-col last-paragraph-no-margin\"><p><span style=\"color: #000000;\">Phone: (787) 761-8953<\/span><br \/><span style=\"color: #000000;\">Fax: (787) 761-7719<\/span><\/p>\n<\/div><\/div><\/div><\/div><\/div><div class=\"wpb_column vc_column_container vc_col-sm-6 vc_col-md-3 vc_col-xs-12 wow none text-center md-text-center sm-text-center xs-text-center pofo-column-responsive-69e0a94a76e55\"><div class=\"vc_column-inner\"><div class=\"wpb_wrapper\"><div class=\"featurebox21 pofo-featurebox featurebox21-3\" ><div class=\"display-inline-block margin-25px-bottom sm-margin-15px-bottom xs-margin-10px-bottom\"><i class=\"link-icon display-block icon-envelope icon-extra-medium\"><\/i><\/div><span class=\"text-extra-dark-gray display-inline-block width-100 text-small font-weight-600 alt-font margin-5px-bottom\">CORREO ELECTR\u00d3NICO<\/span><div class=\"xs-margin-10px-bottom center-col last-paragraph-no-margin\"><p><a href=\"mailto:info@itgrouppr.com\">adm@itgrouppr.net<\/a><\/p>\n<\/div><\/div><\/div><\/div><\/div><div class=\"wpb_column vc_column_container vc_col-sm-6 vc_col-md-3 vc_col-xs-12 wow none text-center md-text-center sm-text-center xs-text-center\"><div class=\"vc_column-inner\"><div class=\"wpb_wrapper\"><div class=\"featurebox21 pofo-featurebox featurebox21-4\" ><div class=\"display-inline-block margin-25px-bottom sm-margin-15px-bottom xs-margin-10px-bottom\"><i class=\"link-icon display-block icon-megaphone icon-extra-medium\"><\/i><\/div><span class=\"text-extra-dark-gray display-inline-block width-100 text-small font-weight-600 alt-font margin-5px-bottom\">SERVICIO AL CLIENTE<\/span><div class=\"xs-margin-10px-bottom center-col last-paragraph-no-margin\"><p><a href=\"mailto:support@itgroup.com\">adm@itgrouppr.net<\/a><\/p>\n<\/div><\/div><div class=\"vc_empty_space\"   style=\"height: 15px\"><span class=\"vc_empty_space_inner\"><\/span><\/div><div class=\"vertical-align-middle featurebox22-1 featurebox22 pofo-featurebox\" ><a class=\"feature-image-link\" target=\"_blank\" href=\"https:\/\/www.linkedin.com\/company\/itgroup-technology-consultants-inc\/\" rel=\"noopener\"><img decoding=\"async\" data-src=\"https:\/\/www.itgroupmobile.com\/wp-content\/uploads\/2020\/05\/linkedin-logo.png\" alt=\"\" class=\"icon-image lazyload\" style=\"--smush-placeholder-width: 512px; --smush-placeholder-aspect-ratio: 512\/512;max-width: 20px;\" src=\"data:image\/gif;base64,R0lGODlhAQABAAAAACH5BAEKAAEALAAAAAABAAEAAAICTAEAOw==\"><noscript><img decoding=\"async\" src=\"https:\/\/www.itgroupmobile.com\/wp-content\/uploads\/2020\/05\/linkedin-logo.png\" alt=\"\" class=\"icon-image\" style=\"max-width: 20px;\"><\/noscript><\/a><\/div><\/div><\/div><\/div><div class=\"wpb_column vc_column_container  col-xs-mobile-fullwidth\"><div class=\"vc_column-inner vc_custom_1591022849111\"><div class=\"wpb_wrapper\"><div class=\"vc_empty_space\"   style=\"height: 20px\"><span class=\"vc_empty_space_inner\"><\/span><\/div><\/div><\/div><\/div><div class=\"wpb_column vc_column_container vc_col-sm-4  col-xs-mobile-fullwidth\"><div class=\"vc_column-inner\"><div class=\"wpb_wrapper\"><\/div><\/div><\/div><div class=\"wpb_column vc_column_container vc_col-sm-2  col-xs-mobile-fullwidth\"><div class=\"vc_column-inner\"><div class=\"wpb_wrapper\"><p style=\"font-size: 12px;color: #727272;text-align: center;font-family:Roboto;font-weight:400;font-style:normal\" class=\"vc_custom_heading vc_do_custom_heading\" ><a href=\"https:\/\/www.itgroupmobile.com\/es\/privacy-policy\/\" target=\"_blank\" title=\"Pol\u00edtica de privacidad\">Pol\u00edtica de privacidad<\/a><\/p><\/div><\/div><\/div><div class=\"wpb_column vc_column_container vc_col-sm-2  col-xs-mobile-fullwidth\"><div class=\"vc_column-inner\"><div class=\"wpb_wrapper\"><p style=\"font-size: 12px;color: #727272;text-align: center;font-family:Roboto;font-weight:400;font-style:normal\" class=\"vc_custom_heading vc_do_custom_heading\" ><a href=\"https:\/\/www.itgroupmobile.com\/es\/terms-and-condition\/\" target=\"_blank\" title=\"T\u00e9rminos y condiciones\">T\u00e9rminos y condiciones<\/a><\/p><\/div><\/div><\/div><div class=\"wpb_column vc_column_container vc_col-sm-4  col-xs-mobile-fullwidth\"><div class=\"vc_column-inner\"><div class=\"wpb_wrapper\"><\/div><\/div><\/div><\/section><div class=\"vc_row-full-width vc_clearfix\"><\/div><\/div>","protected":false},"excerpt":{"rendered":"Terms and Conditions Welcome to itgroupmobile.com These terms and conditions outline the rules and regulations for the use of ITGROUP's Website, located at https:\/\/www.itgroupmobile.com\/. By accessing this website we assume you accept these terms and conditions. Do not continue to use itgroupmobile if you do not agree to take all of the terms and conditions stated on this page. The following terminology applies to these Terms and Conditions, Privacy Statement and Disclaimer Notice and all Agreements: \"Client\", \"You\" and \"Your\" refers to you, the person log on this website and compliant to the Company\u2019s terms and conditions. \"The Company\", \"Ourselves\", \"We\", \"Our\" and \"Us\", refers to our Company. \"Party\", \"Parties\", or \"Us\", refers to both the Client and ourselves. All terms refer to the offer, acceptance and consideration of payment necessary to undertake the process of our assistance to the Client in the most appropriate manner for the express purpose of meeting the Client\u2019s needs in respect of provision of the Company\u2019s stated services, in accordance with and subject to, prevailing law of Netherlands. Any use of the above terminology or other words in the singular, plural, capitalization and\/or he\/she or they, are taken as interchangeable and therefore as referring...","protected":false},"author":3,"featured_media":0,"parent":0,"menu_order":0,"comment_status":"closed","ping_status":"closed","template":"","meta":{"_acf_changed":false,"om_disable_all_campaigns":false,"footnotes":""},"class_list":["post-3","page","type-page","status-publish","hentry"],"acf":[],"_links":{"self":[{"href":"https:\/\/www.itgroupmobile.com\/es\/wp-json\/wp\/v2\/pages\/3","targetHints":{"allow":["GET"]}}],"collection":[{"href":"https:\/\/www.itgroupmobile.com\/es\/wp-json\/wp\/v2\/pages"}],"about":[{"href":"https:\/\/www.itgroupmobile.com\/es\/wp-json\/wp\/v2\/types\/page"}],"author":[{"embeddable":true,"href":"https:\/\/www.itgroupmobile.com\/es\/wp-json\/wp\/v2\/users\/3"}],"replies":[{"embeddable":true,"href":"https:\/\/www.itgroupmobile.com\/es\/wp-json\/wp\/v2\/comments?post=3"}],"version-history":[{"count":22,"href":"https:\/\/www.itgroupmobile.com\/es\/wp-json\/wp\/v2\/pages\/3\/revisions"}],"predecessor-version":[{"id":24821,"href":"https:\/\/www.itgroupmobile.com\/es\/wp-json\/wp\/v2\/pages\/3\/revisions\/24821"}],"wp:attachment":[{"href":"https:\/\/www.itgroupmobile.com\/es\/wp-json\/wp\/v2\/media?parent=3"}],"curies":[{"name":"wp","href":"https:\/\/api.w.org\/{rel}","templated":true}]}}