{"id":23479,"date":"2024-05-28T19:04:52","date_gmt":"2024-05-28T19:04:52","guid":{"rendered":"https:\/\/www.itgroupmobile.com\/?page_id=23479"},"modified":"2026-02-11T14:15:42","modified_gmt":"2026-02-11T14:15:42","slug":"solicitar-demostracion","status":"publish","type":"page","link":"https:\/\/www.itgroupmobile.com\/es\/solicitar-demostracion\/","title":{"rendered":"Solicitar Una Demostraci\u00f3n"},"content":{"rendered":"<div class=\"wpb-content-wrapper\"><section id=\"BannerContainerDEMO\" data-vc-full-width=\"true\" data-vc-full-width-init=\"false\" class=\"vc_row wpb_row vc_row-fluid  vc_custom_1718127512448 cover-background bg-position-left-bottom vc_row-has-fill pofo-stretch-content pofo-stretch-row-container vc_row-o-equal-height vc_row-o-content-middle vc_row-flex\"><div class=\"wpb_column vc_column_container vc_col-sm-12  col-xs-mobile-fullwidth\"><div class=\"vc_column-inner\"><div class=\"wpb_wrapper\"><\/div><\/div><\/div><\/section><div class=\"vc_row-full-width vc_clearfix\"><\/div><section id=\"ContainerFormBookDEMO\" class=\"vc_row wpb_row vc_row-fluid  vc_custom_1717011436969 vc_row-o-full-height vc_row-o-columns-middle vc_row-flex\"><div class=\"wpb_column vc_column_container vc_col-sm-12  col-xs-mobile-fullwidth\"><div class=\"vc_column-inner\"><div class=\"wpb_wrapper\"><div class=\"alt-font last-paragraph-no-margin\"><h2 style=\"text-align: center; color: #ffffff;\"><strong>SOLICITAR UNA DEMOSTRACI\u00d3N<\/strong><\/h2>\n<\/div><div class=\"vc_empty_space\"   style=\"height: 32px\"><span class=\"vc_empty_space_inner\"><\/span><\/div><div id=\"ContainerDivCompleto\" class=\"vc_row wpb_row vc_inner vc_row-fluid sombra vc_custom_1718309658588 vc_row-has-fill vc_row-o-equal-height vc_row-o-content-top vc_row-flex\"><div class=\"wpb_column vc_column_container vc_col-has-fill bg-gradiente vc_col-sm-4  col-xs-mobile-fullwidth sm-text-center\"><div class=\"vc_column-inner vc_custom_1717014956789\"><div class=\"wpb_wrapper\"><div class=\"vc_empty_space  empty-class\"   style=\"height: 20px\"><span class=\"vc_empty_space_inner\"><\/span><\/div><div class=\"alt-font last-paragraph-no-margin\"><h6 style=\"color: #ffffff;\" class=\"translation-block\"><span style=\"color: #ffffff\">Obt\u00e9n tu demo <strong>gratuito<\/strong> <\/span><\/h6>\n<h3 style=\"color: #ffffff; display: none;\"><strong>ITGROUP mobile<\/strong><\/h3>\n<h3 style=\"color: #ffffff; display: none;\"><strong>Tecnolog\u00eda<\/strong><\/h3>\n<h3 style=\"color: #ffffff; display: none;\"><strong>Cnsultor\u00eda<\/strong><\/h3>\n<p><a style=\"color: #ffffff; display: none;\" href=\"https:\/\/www.itgroupmobile.com\/es\/solicitar-demostracion\/\">solicitar demostraci\u00f3n<\/a><\/p>\n<\/div><div class=\"vc_separator wpb_content_element vc_separator_align_center vc_sep_width_100 vc_sep_border_width_3 vc_sep_pos_align_center vc_separator_no_text vc_sep_color_white wpb_content_element  wpb_content_element\" ><span class=\"vc_sep_holder vc_sep_holder_l\"><span class=\"vc_sep_line\"><\/span><\/span><span class=\"vc_sep_holder vc_sep_holder_r\"><span class=\"vc_sep_line\"><\/span><\/span>\n<\/div><div class=\"vc_empty_space  empty-class\"   style=\"height: 20px\"><span class=\"vc_empty_space_inner\"><\/span><\/div><div class=\"alt-font last-paragraph-no-margin\"><p><span style=\"color: #ffffff;\"><strong>Nuestras demostraciones pueden realizarse en l\u00ednea o en persona<\/strong>. Vea nuestros productos en acci\u00f3n y por qu\u00e9 compa\u00f1\u00edas alrededor del mundo conf\u00edan en <strong>ITGROUP<\/strong>.<\/span><br \/>\n<span style=\"color: #ffffff;\"><strong>Aprender\u00e1s:<\/strong><\/span><\/p>\n<h3 style=\"color: #ffffff; display: none;\"><strong>solicitar demostraci\u00f3n<\/strong><\/h3>\n<p style=\"display: none;\">Our demos can be conducted online or in-person. See our products in action and why companies across the globe trust ITGROUPYou will learn:solicitar demostraci\u00f3n Our demos can be conducted online or in-person. See our products in action and why companies across the globe trust ITGROUP You will learn:solicitar demostraci\u00f3n Our demos can be conducted online or in-person. See our products in action and why companies across the globe trust ITGROUP You will learn:<\/p>\n<p style=\"display: none;\">Our demos can be conducted online or in-person. See our products in action and why companies across the globe trust ITGROUPYou will learn:solicitar demostraci\u00f3n Our demos can be conducted online or in-person. See our products in action and why companies across the globe trust ITGROUP You will learn:solicitar demostraci\u00f3n Our demos can be conducted online or in-person. See our products in action and why companies across the globe trust ITGROUP You will learn:<\/p>\n<p style=\"display: none;\">Our demos can be conducted online or in-person. See our products in action and why companies across the globe trust ITGROUPYou will learn:solicitar demostraci\u00f3n Our demos can be conducted online or in-person. See our products in action and why companies across the globe trust ITGROUP You will learn:solicitar demostraci\u00f3n Our demos can be conducted online or in-person. See our products in action and why companies across the globe trust ITGROUP You will learn:<\/p>\n<p style=\"display: none;\">Our demos can be conducted online or in-person. See our products in action and why companies across the globe trust ITGROUPYou will learn:solicitar demostraci\u00f3n Our demos can be conducted online or in-person. See our products in action and why companies across the globe trust ITGROUP You will learn:solicitar demostraci\u00f3n Our demos can be conducted online or in-person. See our products in action and why companies across the globe trust ITGROUP You will learn:<\/p>\n<p style=\"display: none;\">Our demos can be conducted online or in-person. See our products in action and why companies across the globe trust ITGROUPYou will learn:solicitar demostraci\u00f3n Our demos can be conducted online or in-person. See our products in action and why companies across the globe trust ITGROUP You will learn:solicitar demostraci\u00f3n Our demos can be conducted online or in-person. See our products in action and why companies across the globe trust ITGROUP You will learn:<\/p>\n<p style=\"display: none;\">Our demos can be conducted online or in-person. See our products in action and why companies across the globe trust ITGROUPYou will learn:solicitar demostraci\u00f3n Our demos can be conducted online or in-person. See our products in action and why companies across the globe trust ITGROUP You will learn:solicitar demostraci\u00f3n Our demos can be conducted online or in-person. See our products in action and why companies across the globe trust ITGROUP You will learn:<\/p>\n<\/div><div class=\"vc_empty_space  empty-class\"   style=\"height: 20px\"><span class=\"vc_empty_space_inner\"><\/span><\/div><ul class=\"no-padding list-style-5 list-style5-1  alt-font\" style=\"color: #ffffff;\"><li style=\"border-color: rgba(0,0,0,0.01);\">Cu\u00e1n f\u00e1ciles y efectivas son nuestras soluciones.<\/li><li style=\"border-color: rgba(0,0,0,0.01);\"> C\u00f3mo nuestros productos se integran con su ERP.<\/li><li style=\"border-color: rgba(0,0,0,0.01);\"> Sobre nuestros modelos de precios.<\/li><\/ul><div class=\"vc_empty_space  empty-class\"   style=\"height: 20px\"><span class=\"vc_empty_space_inner\"><\/span><\/div>\n\t<div  class=\"wpb_single_image wpb_content_element vc_align_center wpb_content_element  ImageLaptop\">\n\t\t\n\t\t<figure class=\"wpb_wrapper vc_figure\">\n\t\t\t<div class=\"vc_single_image-wrapper   vc_box_border_grey\"><img loading=\"lazy\" decoding=\"async\" width=\"2257\" height=\"1143\" data-src=\"https:\/\/www.itgroupmobile.com\/wp-content\/uploads\/2024\/05\/mockuplaptopmoviltableg-IZQ-copia-scaled-e1715629525455.webp\" class=\"vc_single_image-img attachment-full lazyload\" alt=\"\" title=\"mockuplaptop,movil,tableg-IZQ copia\" data-srcset=\"https:\/\/www.itgroupmobile.com\/wp-content\/uploads\/2024\/05\/mockuplaptopmoviltableg-IZQ-copia-scaled-e1715629525455.webp 2257w, https:\/\/www.itgroupmobile.com\/wp-content\/uploads\/2024\/05\/mockuplaptopmoviltableg-IZQ-copia-scaled-e1715629525455-300x152.webp 300w, https:\/\/www.itgroupmobile.com\/wp-content\/uploads\/2024\/05\/mockuplaptopmoviltableg-IZQ-copia-scaled-e1715629525455-1024x519.webp 1024w, https:\/\/www.itgroupmobile.com\/wp-content\/uploads\/2024\/05\/mockuplaptopmoviltableg-IZQ-copia-scaled-e1715629525455-768x389.webp 768w, https:\/\/www.itgroupmobile.com\/wp-content\/uploads\/2024\/05\/mockuplaptopmoviltableg-IZQ-copia-scaled-e1715629525455-1536x778.webp 1536w, https:\/\/www.itgroupmobile.com\/wp-content\/uploads\/2024\/05\/mockuplaptopmoviltableg-IZQ-copia-scaled-e1715629525455-2048x1037.webp 2048w, https:\/\/www.itgroupmobile.com\/wp-content\/uploads\/2024\/05\/mockuplaptopmoviltableg-IZQ-copia-scaled-e1715629525455-18x9.webp 18w, https:\/\/www.itgroupmobile.com\/wp-content\/uploads\/2024\/05\/mockuplaptopmoviltableg-IZQ-copia-scaled-e1715629525455-1200x608.webp 1200w, https:\/\/www.itgroupmobile.com\/wp-content\/uploads\/2024\/05\/mockuplaptopmoviltableg-IZQ-copia-scaled-e1715629525455-120x61.webp 120w, https:\/\/www.itgroupmobile.com\/wp-content\/uploads\/2024\/05\/mockuplaptopmoviltableg-IZQ-copia-scaled-e1715629525455-81x41.webp 81w\" data-sizes=\"auto, (max-width: 2257px) 100vw, 2257px\" src=\"data:image\/gif;base64,R0lGODlhAQABAAAAACH5BAEKAAEALAAAAAABAAEAAAICTAEAOw==\" style=\"--smush-placeholder-width: 2257px; --smush-placeholder-aspect-ratio: 2257\/1143;\"><noscript><img loading=\"lazy\" decoding=\"async\" width=\"2257\" height=\"1143\" src=\"https:\/\/www.itgroupmobile.com\/wp-content\/uploads\/2024\/05\/mockuplaptopmoviltableg-IZQ-copia-scaled-e1715629525455.webp\" class=\"vc_single_image-img attachment-full\" alt=\"\" title=\"mockuplaptop,movil,tableg-IZQ copia\" srcset=\"https:\/\/www.itgroupmobile.com\/wp-content\/uploads\/2024\/05\/mockuplaptopmoviltableg-IZQ-copia-scaled-e1715629525455.webp 2257w, https:\/\/www.itgroupmobile.com\/wp-content\/uploads\/2024\/05\/mockuplaptopmoviltableg-IZQ-copia-scaled-e1715629525455-300x152.webp 300w, https:\/\/www.itgroupmobile.com\/wp-content\/uploads\/2024\/05\/mockuplaptopmoviltableg-IZQ-copia-scaled-e1715629525455-1024x519.webp 1024w, https:\/\/www.itgroupmobile.com\/wp-content\/uploads\/2024\/05\/mockuplaptopmoviltableg-IZQ-copia-scaled-e1715629525455-768x389.webp 768w, https:\/\/www.itgroupmobile.com\/wp-content\/uploads\/2024\/05\/mockuplaptopmoviltableg-IZQ-copia-scaled-e1715629525455-1536x778.webp 1536w, https:\/\/www.itgroupmobile.com\/wp-content\/uploads\/2024\/05\/mockuplaptopmoviltableg-IZQ-copia-scaled-e1715629525455-2048x1037.webp 2048w, https:\/\/www.itgroupmobile.com\/wp-content\/uploads\/2024\/05\/mockuplaptopmoviltableg-IZQ-copia-scaled-e1715629525455-18x9.webp 18w, https:\/\/www.itgroupmobile.com\/wp-content\/uploads\/2024\/05\/mockuplaptopmoviltableg-IZQ-copia-scaled-e1715629525455-1200x608.webp 1200w, https:\/\/www.itgroupmobile.com\/wp-content\/uploads\/2024\/05\/mockuplaptopmoviltableg-IZQ-copia-scaled-e1715629525455-120x61.webp 120w, https:\/\/www.itgroupmobile.com\/wp-content\/uploads\/2024\/05\/mockuplaptopmoviltableg-IZQ-copia-scaled-e1715629525455-81x41.webp 81w\" sizes=\"auto, (max-width: 2257px) 100vw, 2257px\"><\/noscript><\/div>\n\t\t<\/figure>\n\t<\/div>\n<\/div><\/div><\/div><div class=\"wpb_column vc_column_container vc_col-sm-8  col-xs-mobile-fullwidth\"><div class=\"vc_column-inner vc_custom_1717009340028\"><div class=\"wpb_wrapper\"><div class=\"vc_empty_space\"   style=\"height: 20px\"><span class=\"vc_empty_space_inner\"><\/span><\/div>\n<div class=\"wpcf7 no-js\" id=\"wpcf7-f23493-o1\" lang=\"en-US\" dir=\"ltr\" data-wpcf7-id=\"23493\">\n<div class=\"screen-reader-response\"><p role=\"status\" aria-live=\"polite\" aria-atomic=\"true\"><\/p> <ul><\/ul><\/div>\n<form action=\"\/es\/wp-json\/wp\/v2\/pages\/23479#wpcf7-f23493-o1\" method=\"post\" class=\"wpcf7-form init\" aria-label=\"Contact form\" novalidate=\"novalidate\" data-status=\"init\" data-trp-original-action=\"\/es\/wp-json\/wp\/v2\/pages\/23479#wpcf7-f23493-o1\">\n<fieldset class=\"hidden-fields-container\"><input type=\"hidden\" name=\"_wpcf7\" value=\"23493\" \/><input type=\"hidden\" name=\"_wpcf7_version\" value=\"6.1.5\" \/><input type=\"hidden\" name=\"_wpcf7_locale\" value=\"en_US\" \/><input type=\"hidden\" name=\"_wpcf7_unit_tag\" value=\"wpcf7-f23493-o1\" \/><input type=\"hidden\" name=\"_wpcf7_container_post\" value=\"0\" \/><input type=\"hidden\" name=\"_wpcf7_posted_data_hash\" value=\"\" \/>\n<\/fieldset>\n<div class=\"styleForm\">\n\t<div style=\"display:flex\">\n\t\t<div class=\"div50\">\n\t\t\t<p><label> Nombre Completo<br \/>\n<span class=\"wpcf7-form-control-wrap\" data-name=\"your-name\"><input size=\"40\" maxlength=\"400\" class=\"wpcf7-form-control wpcf7-text wpcf7-validates-as-required\" aria-required=\"true\" aria-invalid=\"false\" value=\"\" type=\"text\" name=\"your-name\" \/><\/span> <\/label>\n\t\t\t<\/p>\n\t\t<\/div>\n\t\t<div class=\"div50\">\n\t\t\t<p><label> Email Empresarial<br \/>\n<span class=\"wpcf7-form-control-wrap\" data-name=\"your-email\"><input size=\"40\" maxlength=\"400\" class=\"wpcf7-form-control wpcf7-email wpcf7-validates-as-required wpcf7-text wpcf7-validates-as-email\" aria-required=\"true\" aria-invalid=\"false\" value=\"\" type=\"email\" name=\"your-email\" \/><\/span> <\/label>\n\t\t\t<\/p>\n\t\t<\/div>\n\t<\/div>\n\t<div style=\"display:flex\" >\n\t\t<div class=\"div50\">\n\t\t\t<p><label> N\u00famero de tel\u00e9fono<br \/>\n<span class=\"wpcf7-form-control-wrap\" data-name=\"your-phone\"><input size=\"40\" maxlength=\"400\" class=\"wpcf7-form-control wpcf7-text wpcf7-validates-as-required\" aria-required=\"true\" aria-invalid=\"false\" value=\"\" type=\"text\" name=\"your-phone\" \/><\/span> <\/label>\n\t\t\t<\/p>\n\t\t<\/div>\n\t\t<div class=\"div50\">\n\t\t\t<p><label> Empresa<br \/>\n<span class=\"wpcf7-form-control-wrap\" data-name=\"your-company\"><input size=\"40\" maxlength=\"400\" class=\"wpcf7-form-control wpcf7-text wpcf7-validates-as-required\" aria-required=\"true\" aria-invalid=\"false\" value=\"\" type=\"text\" name=\"your-company\" \/><\/span> <\/label>\n\t\t\t<\/p>\n\t\t<\/div>\n\t<\/div>\n\t<div style=\"display:flex\">\n\t\t<div class=\"div50\">\n\t\t\t<p><label> Pa\u00eds*<br \/>\n<span class=\"wpcf7-form-control-wrap\" data-name=\"your-company-country\"><input size=\"40\" maxlength=\"400\" class=\"wpcf7-form-control wpcf7-text wpcf7-validates-as-required\" aria-required=\"true\" aria-invalid=\"false\" value=\"\" type=\"text\" name=\"your-company-country\" \/><\/span> <\/label>\n\t\t\t<\/p>\n\t\t<\/div>\n\t\t<div class=\"div50\">\n\t\t\t<p><label> N\u00famero de personal de campo*<br \/>\n<span class=\"wpcf7-form-control-wrap\" data-name=\"field-staff\"><select class=\"wpcf7-form-control wpcf7-select wpcf7-validates-as-required\" aria-required=\"true\" aria-invalid=\"false\" name=\"field-staff\"><option value=\"\">&#8212;Please choose an option&#8212;<\/option><option value=\"less than 20\">less than 20<\/option><option value=\"20 - 99\">20 - 99<\/option><option value=\"100 - 499\">100 - 499<\/option><option value=\"500 +\">500 +<\/option><\/select><\/span> <\/label>\n\t\t\t<\/p>\n\t\t<\/div>\n\t<\/div>\n\t<div style=\"display:flex\">\n\t\t<div class=\"div50\">\n\t\t\t<p><span class=\"wpcf7-form-control-wrap\" data-name=\"Products\"><span class=\"wpcf7-form-control wpcf7-checkbox wpcf7-validates-as-required\"><span class=\"wpcf7-list-item first\"><input type=\"checkbox\" name=\"Products[]\" value=\"E-commerce\" \/><span class=\"wpcf7-list-item-label\">Comercio electr\u00f3nico<\/span><\/span><span class=\"wpcf7-list-item\"><input type=\"checkbox\" name=\"Products[]\" value=\"Sales Force Automation\" \/><span class=\"wpcf7-list-item-label\">Automatizaci\u00f3n de fuerza de ventas<\/span><\/span><span class=\"wpcf7-list-item\"><input type=\"checkbox\" name=\"Products[]\" value=\"Logistic and distribution\" \/><span class=\"wpcf7-list-item-label\">Log\u00edstica y distribuci\u00f3n<\/span><\/span><span class=\"wpcf7-list-item\"><input type=\"checkbox\" name=\"Products[]\" value=\"Customer relation Management CRM\" \/><span class=\"wpcf7-list-item-label\">Gesti\u00f3n de la relaci\u00f3n con el cliente CRM<\/span><\/span><span class=\"wpcf7-list-item\"><input type=\"checkbox\" name=\"Products[]\" value=\"Collections Automation\" \/><span class=\"wpcf7-list-item-label\">Automatizaci\u00f3n de cobros<\/span><\/span><span class=\"wpcf7-list-item last\"><input type=\"checkbox\" name=\"Products[]\" value=\"Software Development\" \/><span class=\"wpcf7-list-item-label\">Desarrollo de sistemas<\/span><\/span><\/span><\/span>\n\t\t\t<\/p>\n\t\t<\/div>\n\t\t<div class=\"div50 div100text\">\n\t\t\t<p><span class=\"wpcf7-form-control-wrap\" data-name=\"Consent\"><span class=\"wpcf7-form-control wpcf7-acceptance\"><span class=\"wpcf7-list-item\"><input type=\"checkbox\" name=\"Consent\" value=\"1\" aria-invalid=\"false\" \/><\/span><\/span><\/span>Al hacer clic aqu\u00ed y enviar su informaci\u00f3n personal, usted acepta que ITGROUP se ponga en contacto con usted en relaci\u00f3n con el contenido, los productos y las ofertas relevantes. Tambi\u00e9n acepta los T\u00e9rminos y condiciones de ITGROUP.\n\t\t\t<\/p>\n\t\t<\/div>\n\t<\/div>\n\t<div class=\"div100 div100btn\">\n\t\t<p><input class=\"wpcf7-form-control wpcf7-submit has-spinner\" type=\"submit\" value=\"Obtener Demo\" \/>\n\t\t<\/p>\n\t<\/div>\n<\/div><div class=\"wpcf7-response-output\" aria-hidden=\"true\"><\/div>\n<input type=\"hidden\" name=\"trp-form-language\" value=\"es\"\/><\/form>\n<\/div>\n<\/div><\/div><\/div><\/div><\/div><\/div><\/div><\/section><section id=\"DivFooter\" data-vc-full-width=\"true\" data-vc-full-width-init=\"false\" class=\"vc_row wpb_row vc_row-fluid  vc_custom_1767818014612 wow fadeIn vc_row-has-fill pofo-stretch-content pofo-stretch-row-container vc_row-o-equal-height vc_row-flex\"><div class=\"wpb_column vc_column_container vc_col-sm-6 vc_col-md-3 vc_col-xs-6 wow none text-center md-text-center sm-text-center xs-text-center pofo-column-responsive-69e08b7f7272c\"><div class=\"vc_column-inner\"><div class=\"wpb_wrapper\"><div class=\"featurebox21 pofo-featurebox featurebox21-1\" ><div class=\"display-inline-block margin-25px-bottom sm-margin-15px-bottom xs-margin-10px-bottom\"><i class=\"link-icon display-block icon-map icon-extra-medium\"><\/i><\/div><span class=\"text-extra-dark-gray display-inline-block width-100 text-small font-weight-600 alt-font margin-5px-bottom\">VISITE NUESTRAS OFICINAS<\/span><div class=\"xs-margin-10px-bottom center-col last-paragraph-no-margin\"><p><a href=\"https:\/\/goo.gl\/maps\/iDUxJhA8BeDNBvub8\" target=\"_blank\" rel=\"noopener\"><span style=\"color: #000000;\">Puerto Rico<\/span><\/a><span style=\"color: #000000;\"><br \/>\n<\/span><span style=\"color: #000000;\">Orlando<\/span><\/p>\n<\/div><\/div><\/div><\/div><\/div><div class=\"wpb_column vc_column_container vc_col-sm-6 vc_col-md-3 vc_col-xs-6 wow none text-center md-text-center sm-text-center xs-text-center\"><div class=\"vc_column-inner\"><div class=\"wpb_wrapper\"><div class=\"footer-phone featurebox21 pofo-featurebox featurebox21-2\" ><div class=\"display-inline-block margin-25px-bottom sm-margin-15px-bottom xs-margin-10px-bottom\"><i class=\"link-icon display-block icon-chat icon-extra-medium\"><\/i><\/div><span class=\"text-extra-dark-gray display-inline-block width-100 text-small font-weight-600 alt-font margin-5px-bottom\">N\u00daMEROS DE CONTACTO<\/span><div class=\"xs-margin-10px-bottom center-col last-paragraph-no-margin\"><p><span style=\"color: #000000;\">Tel: <a href=\"tel:+17877618953\">(787) 761-8953<\/a><\/span><br \/>\n<span style=\"color: #000000;\">Tel: <a href=\"tel: +18299463957\">(829) 946-3957<\/a><\/span><br \/>\n<span style=\"color: #000000;\">Fax: (787) 761-7719<\/span><br \/>\n<span style=\"color: #000000;\">\u00a0<\/span><br \/>\n<span style=\"color: #000000;\">\u00a0<\/span><br \/>\n<span style=\"color: #000000;\">\u00a0<\/span><\/p>\n<\/div><\/div><\/div><\/div><\/div><div class=\"wpb_column vc_column_container vc_col-sm-6 vc_col-md-2 vc_col-xs-6 wow none text-center md-text-center sm-text-center xs-text-center pofo-column-responsive-69e08b7f72b21\"><div class=\"vc_column-inner\"><div class=\"wpb_wrapper\"><div class=\"featurebox21 pofo-featurebox featurebox21-3\" ><div class=\"display-inline-block margin-25px-bottom sm-margin-15px-bottom xs-margin-10px-bottom\"><i class=\"link-icon display-block icon-envelope icon-extra-medium\"><\/i><\/div><span class=\"text-extra-dark-gray display-inline-block width-100 text-small font-weight-600 alt-font margin-5px-bottom\">CORREO ELECTR\u00d3NICO<\/span><div class=\"xs-margin-10px-bottom center-col last-paragraph-no-margin\"><p><a href=\"mailto:adm@itgrouppr.net\">adm@itgrouppr.net<\/a><\/p>\n<\/div><\/div><\/div><\/div><\/div><div class=\"wpb_column vc_column_container vc_col-sm-6 vc_col-md-2 vc_col-xs-6 wow none text-center md-text-center sm-text-center xs-text-center pofo-column-responsive-69e08b7f72c99\"><div class=\"vc_column-inner\"><div class=\"wpb_wrapper\"><div class=\"featurebox21 pofo-featurebox featurebox21-4\" ><div class=\"display-inline-block margin-25px-bottom sm-margin-15px-bottom xs-margin-10px-bottom\"><i class=\"link-icon display-block icon-megaphone icon-extra-medium\"><\/i><\/div><span class=\"text-extra-dark-gray display-inline-block width-100 text-small font-weight-600 alt-font margin-5px-bottom\">SERVICIO AL CLIENTE<\/span><div class=\"xs-margin-10px-bottom center-col last-paragraph-no-margin\"><p><a href=\"mailto:adm@itgrouppr.net\">adm@itgrouppr.net<\/a><\/p>\n<\/div><\/div><\/div><\/div><\/div><div class=\"wpb_column vc_column_container vc_col-sm-6 vc_col-md-2 vc_col-xs-6 text-center md-text-center sm-text-center xs-text-center\"><div class=\"vc_column-inner\"><div class=\"wpb_wrapper\"><div class=\"featurebox21 pofo-featurebox pofo-feature-box-responsive-69e08b7f72eb5 featurebox21-5\" ><div class=\"display-inline-block margin-25px-bottom sm-margin-15px-bottom xs-margin-10px-bottom\"><i class=\"link-icon display-block icon-magnifying-glass icon-extra-medium\"><\/i><\/div><span class=\"text-extra-dark-gray display-inline-block width-100 text-small font-weight-600 alt-font margin-5px-bottom\">S\u00cdGUENOS<\/span><div class=\"xs-margin-10px-bottom center-col last-paragraph-no-margin\"><p><a class=\"feature-image-link\" href=\"https:\/\/www.linkedin.com\/company\/itgroup-technology-consultants-inc\/\" target=\"_blank\" rel=\"noopener\"><noscript><img decoding=\"async\" src=\"https:\/\/sp-ao.shortpixel.ai\/client\/to_webp,q_glossy,ret_img\/https:\/\/www.itgroupmobile.com\/wp-content\/uploads\/2020\/05\/linkedin-logo.png\" alt=\"Home\" class=\"icon-image\" style=\"max-width: 20px;\"><\/noscript><img decoding=\"async\" class=\"icon-image lazyloaded\" style=\"max-width: 20px;\" src=\"https:\/\/sp-ao.shortpixel.ai\/client\/to_webp,q_glossy,ret_img\/https:\/\/www.itgroupmobile.com\/wp-content\/uploads\/2020\/05\/linkedin-logo.png\" alt=\"Home\" data-src=\"https:\/\/sp-ao.shortpixel.ai\/client\/to_webp,q_glossy,ret_img\/https:\/\/www.itgroupmobile.com\/wp-content\/uploads\/2020\/05\/linkedin-logo.png\" \/><\/a><\/p>\n<\/div><\/div><\/div><\/div><\/div><div class=\"wpb_column vc_column_container  col-xs-mobile-fullwidth\"><div class=\"vc_column-inner vc_custom_1591022849111\"><div class=\"wpb_wrapper\"><div class=\"vc_empty_space\"   style=\"height: 20px\"><span class=\"vc_empty_space_inner\"><\/span><\/div><\/div><\/div><\/div><div class=\"wpb_column vc_column_container vc_col-sm-4 vc_hidden-xs col-xs-mobile-fullwidth\"><div class=\"vc_column-inner\"><div class=\"wpb_wrapper\"><\/div><\/div><\/div><div class=\"wpb_column vc_column_container vc_col-sm-2 vc_col-xs-6\"><div class=\"vc_column-inner\"><div class=\"wpb_wrapper\"><p style=\"font-size: 12px;color: #727272;text-align: center;font-family:Roboto;font-weight:400;font-style:normal\" class=\"vc_custom_heading vc_do_custom_heading\" ><a href=\"https:\/\/www.itgroupmobile.com\/es\/privacy-policy\/\" target=\"_blank\" title=\"Pol\u00edtica de privacidad\">Pol\u00edtica de privacidad<\/a><\/p><\/div><\/div><\/div><div class=\"wpb_column vc_column_container vc_col-sm-2 vc_col-xs-6\"><div class=\"vc_column-inner\"><div class=\"wpb_wrapper\"><p style=\"font-size: 12px;color: #727272;text-align: center;font-family:Roboto;font-weight:400;font-style:normal\" class=\"vc_custom_heading vc_do_custom_heading\" ><a href=\"https:\/\/www.itgroupmobile.com\/es\/terms-and-condition\/\" target=\"_blank\" title=\"T\u00e9rminos y condiciones\">T\u00e9rminos y condiciones<\/a><\/p><\/div><\/div><\/div><div class=\"wpb_column vc_column_container vc_col-sm-4 vc_hidden-xs col-xs-mobile-fullwidth\"><div class=\"vc_column-inner\"><div class=\"wpb_wrapper\"><\/div><\/div><\/div><\/section><div class=\"vc_row-full-width vc_clearfix\"><\/div>\n<\/div>","protected":false},"excerpt":{"rendered":"BOOK DEMO Get your free demo ITGROUP mobile Tecnolog\u00eda Cnsultor\u00eda solicitar demostraci\u00f3n Our demos can be conducted online or in-person. See our products in action and why companies across the globe trust ITGROUP. You will learn: solicitar demostraci\u00f3n Our demos can be conducted online or in-person. See our products in action and why companies across the globe trust ITGROUPYou will learn:solicitar demostraci\u00f3n Our demos can be conducted online or in-person. See our products in action and why companies across the globe trust ITGROUP You will learn:solicitar demostraci\u00f3n Our demos can be conducted online or in-person. See our products in action and why companies across the globe trust ITGROUP You will learn: Our demos can be conducted online or in-person. See our products in action and why companies across the globe trust ITGROUPYou will learn:solicitar demostraci\u00f3n Our demos can be conducted online or in-person. See our products in action and why companies across the globe trust ITGROUP You will learn:solicitar demostraci\u00f3n Our demos can be conducted online or in-person. See our products in action and why companies across the globe trust ITGROUP You will learn: Our demos can be conducted online or in-person. See our products in action and why companies...","protected":false},"author":8,"featured_media":0,"parent":0,"menu_order":0,"comment_status":"closed","ping_status":"closed","template":"","meta":{"_acf_changed":false,"om_disable_all_campaigns":false,"footnotes":""},"class_list":["post-23479","page","type-page","status-publish","hentry"],"acf":[],"_links":{"self":[{"href":"https:\/\/www.itgroupmobile.com\/es\/wp-json\/wp\/v2\/pages\/23479","targetHints":{"allow":["GET"]}}],"collection":[{"href":"https:\/\/www.itgroupmobile.com\/es\/wp-json\/wp\/v2\/pages"}],"about":[{"href":"https:\/\/www.itgroupmobile.com\/es\/wp-json\/wp\/v2\/types\/page"}],"author":[{"embeddable":true,"href":"https:\/\/www.itgroupmobile.com\/es\/wp-json\/wp\/v2\/users\/8"}],"replies":[{"embeddable":true,"href":"https:\/\/www.itgroupmobile.com\/es\/wp-json\/wp\/v2\/comments?post=23479"}],"version-history":[{"count":30,"href":"https:\/\/www.itgroupmobile.com\/es\/wp-json\/wp\/v2\/pages\/23479\/revisions"}],"predecessor-version":[{"id":24810,"href":"https:\/\/www.itgroupmobile.com\/es\/wp-json\/wp\/v2\/pages\/23479\/revisions\/24810"}],"wp:attachment":[{"href":"https:\/\/www.itgroupmobile.com\/es\/wp-json\/wp\/v2\/media?parent=23479"}],"curies":[{"name":"wp","href":"https:\/\/api.w.org\/{rel}","templated":true}]}}