{"id":22014,"date":"2020-05-11T14:52:25","date_gmt":"2020-05-11T14:52:25","guid":{"rendered":"https:\/\/www.itgroupmobile.com\/?page_id=22014"},"modified":"2026-02-11T14:18:51","modified_gmt":"2026-02-11T14:18:51","slug":"privacy-policy","status":"publish","type":"page","link":"https:\/\/www.itgroupmobile.com\/es\/privacy-policy\/","title":{"rendered":"Pol\u00edtica de privacidad"},"content":{"rendered":"<div class=\"wpb-content-wrapper\"><section class=\"vc_row wpb_row vc_row-fluid\"><div class=\"wpb_column vc_column_container  col-xs-mobile-fullwidth\"><div class=\"vc_column-inner\"><div class=\"wpb_wrapper\"><div class=\"last-paragraph-no-margin\"><p><strong><span style=\"color: #000000;\">Pol\u00edtica de privacidad de ITGROUP<\/span><\/strong><\/p>\n<p>En ITGROUP, accesible desde www.itgroupmobile.com, una de nuestras principales prioridades es la privacidad de nuestros visitantes. Este documento de Pol\u00edtica de Privacidad contiene los tipos de informaci\u00f3n que se recogen y registran en ITGROUP y c\u00f3mo la utilizamos.<\/p>\n<p>Si tiene m\u00e1s preguntas o necesita m\u00e1s informaci\u00f3n sobre nuestra pol\u00edtica de privacidad, no dude en ponerse en contacto con nosotros.<\/p>\n<p>Esta Pol\u00edtica de Privacidad se aplica s\u00f3lo a nuestras actividades en l\u00ednea y es v\u00e1lida para los visitantes de nuestro sitio web en lo que respecta a la informaci\u00f3n que compartieron y\/o recogieron en ITGROUP. Esta pol\u00edtica no es aplicable a ninguna informaci\u00f3n recogida fuera de l\u00ednea o a trav\u00e9s de canales distintos de este sitio web.<\/p>\n<p><span style=\"color: #000000;\"><strong>Consentimiento<\/strong><\/span><\/p>\n<p>Al utilizar nuestro sitio web, usted acepta nuestra Pol\u00edtica de Privacidad y est\u00e1 de acuerdo con sus t\u00e9rminos.<\/p>\n<p><span style=\"color: #000000;\"><strong>La informaci\u00f3n que recogemos<\/strong><\/span><\/p>\n<p>La informaci\u00f3n personal que se le pide que proporcione, y las razones por las que se le pide que la proporcione, se le aclarar\u00e1 en el momento en que le pidamos que proporcione su informaci\u00f3n personal.<\/p>\n<p>Si se pone en contacto con nosotros directamente, es posible que recibamos informaci\u00f3n adicional sobre usted, como su nombre, direcci\u00f3n de correo electr\u00f3nico, n\u00famero de tel\u00e9fono, el contenido del mensaje y\/o los archivos adjuntos que nos env\u00ede, y cualquier otra informaci\u00f3n que decida proporcionar.<\/p>\n<p>Cuando se registra en una Cuenta, es posible que le pidamos su informaci\u00f3n de contacto, incluyendo elementos como el nombre, el nombre de la empresa, la direcci\u00f3n, la direcci\u00f3n de correo electr\u00f3nico y el n\u00famero de tel\u00e9fono.<\/p>\n<p><span style=\"color: #000000;\"><strong>C\u00f3mo usamos su informaci\u00f3n<\/strong><\/span><\/p>\n<p>Utilizamos la informaci\u00f3n que recogemos de varias maneras, incluyendo:<\/p>\n<ul>\n<li>Proporcionar, operar y mantener nuestro sitio web<\/li>\n<li>Mejorar, personalizar y ampliar nuestro sitio web<\/li>\n<li>Entienda y analice c\u00f3mo utiliza nuestro sitio web<\/li>\n<li>Desarrollar nuevos productos, servicios, caracter\u00edsticas y funcionalidades<\/li>\n<li>Comunicarse con usted, ya sea directamente o a trav\u00e9s de uno de nuestros socios, incluso para el servicio de atenci\u00f3n al cliente, para proporcionarle actualizaciones y otra informaci\u00f3n relacionada con el sitio web, y para fines de marketing y promoci\u00f3n<\/li>\n<li>Enviarte correos electr\u00f3nicos<\/li>\n<li>Encontrar y prevenir el fraude<\/li>\n<\/ul>\n<p><span style=\"color: #000000;\"><strong>Archivos de registro<\/strong><\/span><\/p>\n<p>ITGROUP sigue un procedimiento est\u00e1ndar de uso de archivos de registro. Estos archivos registran a los visitantes cuando visitan los sitios web. Todas las empresas de hosting hacen esto y una parte de los an\u00e1lisis de los servicios de hosting. La informaci\u00f3n recogida por los archivos de registro incluye las direcciones del protocolo de Internet (IP), el tipo de navegador, el proveedor de servicios de Internet (ISP), la fecha y la hora, las p\u00e1ginas de referencia\/salida y posiblemente el n\u00famero de clics. \u00c9stas no est\u00e1n vinculadas a ninguna informaci\u00f3n que permita la identificaci\u00f3n personal. El prop\u00f3sito de la informaci\u00f3n es analizar las tendencias, administrar el sitio, rastrear el movimiento de los usuarios en el sitio web y reunir informaci\u00f3n demogr\u00e1fica. Nuestra Pol\u00edtica de Privacidad fue creada con la ayuda de la <a href=\"https:\/\/www.privacypolicygenerator.info\" target=\"_blank\" rel=\"noopener\">Privacy Policy Generator<\/a> y de <a href=\"https:\/\/www.disclaimergenerator.org\/\" target=\"_blank\" rel=\"noopener\">Disclaimer Generator<\/a>.<\/p>\n<p><span style=\"color: #000000;\"><strong>Las cookies y los web beacons<\/strong><\/span><\/p>\n<p>Como cualquier otro sitio web, ITGROUP utiliza \"cookies\". Estas cookies se utilizan para almacenar informaci\u00f3n, incluyendo las preferencias de los visitantes, y las p\u00e1ginas del sitio web que el visitante accedi\u00f3 o visit\u00f3. La informaci\u00f3n se utiliza para optimizar la experiencia de los usuarios personalizando el contenido de nuestra p\u00e1gina web en funci\u00f3n del tipo de navegador de los visitantes y\/u otra informaci\u00f3n.<\/p>\n<p>&nbsp;<\/p>\n<p><span style=\"color: #000000;\"><strong>Pol\u00edticas de privacidad de los socios publicitarios<\/strong><\/span><\/p>\n<p>Puede consultar esta lista para encontrar la Pol\u00edtica de Privacidad de cada uno de los socios publicitarios de ITGROUP.<\/p>\n<p>Los servidores o redes publicitarias de terceros utilizan tecnolog\u00edas como cookies, JavaScript o Web Beacons que se utilizan en sus respectivos anuncios y enlaces que aparecen en ITGROUP, que se env\u00edan directamente al navegador del usuario. Cuando esto ocurre, reciben autom\u00e1ticamente su direcci\u00f3n IP. Estas tecnolog\u00edas se utilizan para medir la eficacia de sus campa\u00f1as publicitarias y\/o para personalizar el contenido publicitario que usted ve en los sitios web que visita.<\/p>\n<p>Tenga en cuenta que ITGROUP no tiene acceso ni control sobre estas cookies que utilizan los anunciantes de terceros.<\/p>\n<p><span style=\"color: #000000;\"><strong>Pol\u00edticas de privacidad de terceros<\/strong><\/span><\/p>\n<p>La Pol\u00edtica de Privacidad de ITGROUP no se aplica a otros anunciantes o sitios web. Por lo tanto, le aconsejamos que consulte las respectivas Pol\u00edticas de Privacidad de estos servidores de anuncios de terceros para obtener informaci\u00f3n m\u00e1s detallada. Puede incluir sus pr\u00e1cticas e instrucciones acerca de c\u00f3mo excluirse de ciertas opciones.<\/p>\n<p>Puede elegir deshabilitar las cookies a trav\u00e9s de las opciones individuales de su navegador. Para conocer informaci\u00f3n m\u00e1s detallada sobre la gesti\u00f3n de las cookies con navegadores web espec\u00edficos, puede encontrarse en los respectivos sitios web de los navegadores.<\/p>\n<\/div><\/div><\/div><\/div><\/section><section data-vc-full-width=\"true\" data-vc-full-width-init=\"false\" class=\"vc_row wpb_row vc_row-fluid  vc_custom_1687534079734 wow fadeIn vc_row-has-fill pofo-stretch-content pofo-stretch-row-container\"><div class=\"wpb_column vc_column_container vc_col-sm-6 vc_col-md-3 vc_col-xs-12 wow none text-center md-text-center sm-text-center xs-text-center pofo-column-responsive-69e0a874c9450\"><div class=\"vc_column-inner\"><div class=\"wpb_wrapper\"><div class=\"featurebox21 pofo-featurebox featurebox21-1\" ><div class=\"display-inline-block margin-25px-bottom sm-margin-15px-bottom xs-margin-10px-bottom\"><i class=\"link-icon display-block icon-map icon-extra-medium\"><\/i><\/div><span class=\"text-extra-dark-gray display-inline-block width-100 text-small font-weight-600 alt-font margin-5px-bottom\">VISITE NUESTRAS OFICINAS<\/span><div class=\"xs-margin-10px-bottom center-col last-paragraph-no-margin\"><p><a href=\"https:\/\/goo.gl\/maps\/iDUxJhA8BeDNBvub8\" target=\"_blank\" rel=\"noopener\"><span style=\"color: #000000;\">Puerto Rico<\/span><\/a><br \/>\n<span style=\"color: #000000;\">Orlando<\/span><\/p>\n<\/div><\/div><\/div><\/div><\/div><div class=\"wpb_column vc_column_container vc_col-sm-6 vc_col-md-3 vc_col-xs-12 wow none text-center md-text-center sm-text-center xs-text-center pofo-column-responsive-69e0a874c96a9\"><div class=\"vc_column-inner\"><div class=\"wpb_wrapper\"><div class=\"featurebox21 pofo-featurebox featurebox21-2\" ><div class=\"display-inline-block margin-25px-bottom sm-margin-15px-bottom xs-margin-10px-bottom\"><i class=\"link-icon display-block icon-chat icon-extra-medium\"><\/i><\/div><span class=\"text-extra-dark-gray display-inline-block width-100 text-small font-weight-600 alt-font margin-5px-bottom\">N\u00daMEROS DE CONTACTO<\/span><div class=\"xs-margin-10px-bottom center-col last-paragraph-no-margin\"><p><span style=\"color: #000000;\">Phone: (787) 761-8953<\/span><br \/>\n<span style=\"color: #000000;\">Fax: (787) 761-7719<\/span><\/p>\n<\/div><\/div><\/div><\/div><\/div><div class=\"wpb_column vc_column_container vc_col-sm-6 vc_col-md-3 vc_col-xs-12 wow none text-center md-text-center sm-text-center xs-text-center pofo-column-responsive-69e0a874c982f\"><div class=\"vc_column-inner\"><div class=\"wpb_wrapper\"><div class=\"featurebox21 pofo-featurebox featurebox21-3\" ><div class=\"display-inline-block margin-25px-bottom sm-margin-15px-bottom xs-margin-10px-bottom\"><i class=\"link-icon display-block icon-envelope icon-extra-medium\"><\/i><\/div><span class=\"text-extra-dark-gray display-inline-block width-100 text-small font-weight-600 alt-font margin-5px-bottom\">CORREO ELECTR\u00d3NICO<\/span><div class=\"xs-margin-10px-bottom center-col last-paragraph-no-margin\"><p><a href=\"mailto:info@itgrouppr.com\">adm@itgrouppr.net<\/a><\/p>\n<\/div><\/div><\/div><\/div><\/div><div class=\"wpb_column vc_column_container vc_col-sm-6 vc_col-md-3 vc_col-xs-12 wow none text-center md-text-center sm-text-center xs-text-center\"><div class=\"vc_column-inner\"><div class=\"wpb_wrapper\"><div class=\"featurebox21 pofo-featurebox featurebox21-4\" ><div class=\"display-inline-block margin-25px-bottom sm-margin-15px-bottom xs-margin-10px-bottom\"><i class=\"link-icon display-block icon-megaphone icon-extra-medium\"><\/i><\/div><span class=\"text-extra-dark-gray display-inline-block width-100 text-small font-weight-600 alt-font margin-5px-bottom\">SERVICIO AL CLIENTE<\/span><div class=\"xs-margin-10px-bottom center-col last-paragraph-no-margin\"><p><a href=\"mailto:support@itgroup.com\">adm@itgrouppr.net<\/a><\/p>\n<\/div><\/div><div class=\"vc_empty_space\"   style=\"height: 15px\"><span class=\"vc_empty_space_inner\"><\/span><\/div><div class=\"vertical-align-middle featurebox22-1 featurebox22 pofo-featurebox\" ><a class=\"feature-image-link\" target=\"_blank\" href=\"https:\/\/www.linkedin.com\/company\/itgroup-technology-consultants-inc\/\" rel=\"noopener\"><img decoding=\"async\" data-src=\"https:\/\/www.itgroupmobile.com\/wp-content\/uploads\/2020\/05\/linkedin-logo.png\" alt=\"\" class=\"icon-image lazyload\" style=\"--smush-placeholder-width: 512px; --smush-placeholder-aspect-ratio: 512\/512;max-width: 20px;\" src=\"data:image\/gif;base64,R0lGODlhAQABAAAAACH5BAEKAAEALAAAAAABAAEAAAICTAEAOw==\"><noscript><img decoding=\"async\" src=\"https:\/\/www.itgroupmobile.com\/wp-content\/uploads\/2020\/05\/linkedin-logo.png\" alt=\"\" class=\"icon-image\" style=\"max-width: 20px;\"><\/noscript><\/a><\/div><\/div><\/div><\/div><div class=\"wpb_column vc_column_container  col-xs-mobile-fullwidth\"><div class=\"vc_column-inner vc_custom_1591022849111\"><div class=\"wpb_wrapper\"><div class=\"vc_empty_space\"   style=\"height: 20px\"><span class=\"vc_empty_space_inner\"><\/span><\/div><\/div><\/div><\/div><div class=\"wpb_column vc_column_container vc_col-sm-4  col-xs-mobile-fullwidth\"><div class=\"vc_column-inner\"><div class=\"wpb_wrapper\"><\/div><\/div><\/div><div class=\"wpb_column vc_column_container vc_col-sm-2  col-xs-mobile-fullwidth\"><div class=\"vc_column-inner\"><div class=\"wpb_wrapper\"><p style=\"font-size: 12px;color: #727272;text-align: center;font-family:Roboto;font-weight:400;font-style:normal\" class=\"vc_custom_heading vc_do_custom_heading\" ><a href=\"https:\/\/www.itgroupmobile.com\/es\/privacy-policy\/\" target=\"_blank\" title=\"Pol\u00edtica de privacidad\">Pol\u00edtica de privacidad<\/a><\/p><\/div><\/div><\/div><div class=\"wpb_column vc_column_container vc_col-sm-2  col-xs-mobile-fullwidth\"><div class=\"vc_column-inner\"><div class=\"wpb_wrapper\"><p style=\"font-size: 12px;color: #727272;text-align: center;font-family:Roboto;font-weight:400;font-style:normal\" class=\"vc_custom_heading vc_do_custom_heading\" ><a href=\"https:\/\/www.itgroupmobile.com\/es\/terms-and-condition\/\" target=\"_blank\" title=\"T\u00e9rminos y condiciones\">T\u00e9rminos y condiciones<\/a><\/p><\/div><\/div><\/div><div class=\"wpb_column vc_column_container vc_col-sm-4  col-xs-mobile-fullwidth\"><div class=\"vc_column-inner\"><div class=\"wpb_wrapper\"><\/div><\/div><\/div><\/section><div class=\"vc_row-full-width vc_clearfix\"><\/div>\n<\/div>","protected":false},"excerpt":{"rendered":"Privacy Policy for ITGROUP At ITGROUP, accessible from www.itgroupmobile.com, one of our main priorities is the privacy of our visitors. This Privacy Policy document contains types of information that is collected and recorded by ITGROUP and how we use it. If you have additional questions or require more information about our Privacy Policy, do not hesitate to contact us. This Privacy Policy applies only to our online activities and is valid for visitors to our website with regards to the information that they shared and\/or collect in ITGROUP. This policy is not applicable to any information collected offline or via channels other than this website. Consent By using our website, you hereby consent to our Privacy Policy and agree to its terms. Information we collect The personal information that you are asked to provide, and the reasons why you are asked to provide it, will be made clear to you at the point we ask you to provide your personal information. If you contact us directly, we may receive additional information about you such as your name, email address, phone number, the contents of the message and\/or attachments you may send us, and any other information you may choose to...","protected":false},"author":3,"featured_media":0,"parent":0,"menu_order":0,"comment_status":"closed","ping_status":"closed","template":"","meta":{"_acf_changed":false,"om_disable_all_campaigns":false,"footnotes":""},"class_list":["post-22014","page","type-page","status-publish","hentry"],"acf":[],"_links":{"self":[{"href":"https:\/\/www.itgroupmobile.com\/es\/wp-json\/wp\/v2\/pages\/22014","targetHints":{"allow":["GET"]}}],"collection":[{"href":"https:\/\/www.itgroupmobile.com\/es\/wp-json\/wp\/v2\/pages"}],"about":[{"href":"https:\/\/www.itgroupmobile.com\/es\/wp-json\/wp\/v2\/types\/page"}],"author":[{"embeddable":true,"href":"https:\/\/www.itgroupmobile.com\/es\/wp-json\/wp\/v2\/users\/3"}],"replies":[{"embeddable":true,"href":"https:\/\/www.itgroupmobile.com\/es\/wp-json\/wp\/v2\/comments?post=22014"}],"version-history":[{"count":11,"href":"https:\/\/www.itgroupmobile.com\/es\/wp-json\/wp\/v2\/pages\/22014\/revisions"}],"predecessor-version":[{"id":24816,"href":"https:\/\/www.itgroupmobile.com\/es\/wp-json\/wp\/v2\/pages\/22014\/revisions\/24816"}],"wp:attachment":[{"href":"https:\/\/www.itgroupmobile.com\/es\/wp-json\/wp\/v2\/media?parent=22014"}],"curies":[{"name":"wp","href":"https:\/\/api.w.org\/{rel}","templated":true}]}}